{"id":6115,"date":"2023-12-28T15:24:07","date_gmt":"2023-12-28T15:24:07","guid":{"rendered":"https:\/\/www.courttoconnect.com\/?page_id=6115"},"modified":"2024-08-30T15:02:42","modified_gmt":"2024-08-30T15:02:42","slug":"one-page-samarbetspartner-bidrag-till-valgorenhetsauktion","status":"publish","type":"page","link":"https:\/\/www.courttoconnect.com\/?page_id=6115","title":{"rendered":"One Page &#8211; Samarbetspartner bidrag till v\u00e4lg\u00f6renhetsauktion"},"content":{"rendered":"\t\t<div data-elementor-type=\"wp-page\" data-elementor-id=\"6115\" class=\"elementor elementor-6115\" data-elementor-settings=\"{&quot;ha_cmc_init_switcher&quot;:&quot;no&quot;}\">\n\t\t\t\t\t\t<section data-exad-particle-enable=\"false\" class=\"elementor-section elementor-top-section elementor-element elementor-element-24dc565 elementor-section-stretched elementor-section-boxed elementor-section-height-default elementor-section-height-default exad-parallax-effect-no exad-background-color-change-no exad-glass-effect-no exad-sticky-section-no\" data-id=\"24dc565\" data-element_type=\"section\" data-settings=\"{&quot;stretch_section&quot;:&quot;section-stretched&quot;,&quot;background_background&quot;:&quot;classic&quot;,&quot;_ha_eqh_enable&quot;:false}\">\n\t\t\t\t\t\t<div class=\"elementor-container elementor-column-gap-default\">\n\t\t\t\t\t<div class=\"elementor-column elementor-col-100 elementor-top-column elementor-element elementor-element-2ea030a exad-glass-effect-no exad-sticky-section-no\" data-id=\"2ea030a\" data-element_type=\"column\">\n\t\t\t<div class=\"elementor-widget-wrap elementor-element-populated\">\n\t\t\t\t\t\t<div class=\"elementor-element elementor-element-a28a5ba exad-sticky-section-no exad-glass-effect-no elementor-widget elementor-widget-heading\" data-id=\"a28a5ba\" data-element_type=\"widget\" data-widget_type=\"heading.default\">\n\t\t\t\t<div class=\"elementor-widget-container\">\n\t\t\t\t\t<p class=\"elementor-heading-title elementor-size-default\">SPONSRING AV PRODUKTER OCH TJ\u00c4NSTER TILL V\u00c4LG\u00d6RENHETSAUKTION<\/p>\t\t\t\t<\/div>\n\t\t\t\t<\/div>\n\t\t\t\t<div class=\"elementor-element elementor-element-d2a8432 exad-sticky-section-no exad-glass-effect-no elementor-widget elementor-widget-heading\" data-id=\"d2a8432\" data-element_type=\"widget\" data-widget_type=\"heading.default\">\n\t\t\t\t<div class=\"elementor-widget-container\">\n\t\t\t\t\t<h1 class=\"elementor-heading-title elementor-size-default\">V\u00c4LG\u00d6RENHETSAUKTION\n<\/h1>\t\t\t\t<\/div>\n\t\t\t\t<\/div>\n\t\t\t\t<div class=\"elementor-element elementor-element-87e80c9 exad-sticky-section-no exad-glass-effect-no elementor-widget elementor-widget-heading\" data-id=\"87e80c9\" data-element_type=\"widget\" data-widget_type=\"heading.default\">\n\t\t\t\t<div class=\"elementor-widget-container\">\n\t\t\t\t\t<div class=\"elementor-heading-title elementor-size-default\">G\u00f6r skillnad genom bidra med produkter eller tj\u00e4nster i v\u00e5r v\u00e4lg\u00f6renhetsauktion, d\u00e4r hela det vinnande budet g\u00e5r till v\u00e4lg\u00f6renhet.<\/div>\t\t\t\t<\/div>\n\t\t\t\t<\/div>\n\t\t\t\t<div class=\"elementor-element elementor-element-e062dd0 exad-sticky-section-no exad-glass-effect-no elementor-widget elementor-widget-text-editor\" data-id=\"e062dd0\" data-element_type=\"widget\" data-widget_type=\"text-editor.default\">\n\t\t\t\t<div class=\"elementor-widget-container\">\n\t\t\t\t\t\t\t\t\t<p><span style=\"font-weight: 400;\">V\u00e4lkommen till &#8221;Court to Connect&#8221; evenemanget som f\u00f6renar idrott, n\u00e4tverkande och v\u00e4lg\u00f6renhet. Genom att bidra med era produkter eller tj\u00e4nster till v\u00e5r exklusiva v\u00e4lg\u00f6renhetsauktion, blir ni en central del i v\u00e5rt uppdrag att st\u00f6dja viktiga samh\u00e4llsfr\u00e5gor. Detta unika tillf\u00e4lle l\u00e5ter er visa upp ert varum\u00e4rke och dess engagemang f\u00f6r goda g\u00e4rningar, samtidigt som ni bidrar till en betydande social p\u00e5verkan.<\/span><\/p>\t\t\t\t\t\t\t\t<\/div>\n\t\t\t\t<\/div>\n\t\t\t\t<div class=\"elementor-element elementor-element-378b9da exad-sticky-section-no exad-glass-effect-no elementor-widget elementor-widget-heading\" data-id=\"378b9da\" data-element_type=\"widget\" data-widget_type=\"heading.default\">\n\t\t\t\t<div class=\"elementor-widget-container\">\n\t\t\t\t\t<h2 class=\"elementor-heading-title elementor-size-default\">Produkt- och tj\u00e4nsteexponering<\/h2>\t\t\t\t<\/div>\n\t\t\t\t<\/div>\n\t\t\t\t<div class=\"elementor-element elementor-element-5295ae2 exad-sticky-section-no exad-glass-effect-no elementor-widget elementor-widget-text-editor\" data-id=\"5295ae2\" data-element_type=\"widget\" data-widget_type=\"text-editor.default\">\n\t\t\t\t<div class=\"elementor-widget-container\">\n\t\t\t\t\t\t\t\t\t<p><span style=\"font-weight: 400;\">Ert bidrag till auktionen \u00e4r en strategisk m\u00f6jlighet att visa upp era produkter eller tj\u00e4nster till en passionerad och diversifierad publik. Genom detta sammanhang kopplas ert varum\u00e4rke till en meningsfull orsak, vilket f\u00f6rst\u00e4rker er image och \u00f6kar kundens uppskattning och lojalitet. Detta \u00e4r en effektiv kanal f\u00f6r att demonstrera er produkts unika egenskaper eller tj\u00e4nstens f\u00f6rdelar i en milj\u00f6 som fr\u00e4mjar positiva associationer.<\/span><\/p>\t\t\t\t\t\t\t\t<\/div>\n\t\t\t\t<\/div>\n\t\t\t\t<div class=\"elementor-element elementor-element-ce3d5fd exad-sticky-section-no exad-glass-effect-no elementor-widget elementor-widget-heading\" data-id=\"ce3d5fd\" data-element_type=\"widget\" data-widget_type=\"heading.default\">\n\t\t\t\t<div class=\"elementor-widget-container\">\n\t\t\t\t\t<h2 class=\"elementor-heading-title elementor-size-default\">Marknadsf\u00f6ringsm\u00f6jligheter<\/h2>\t\t\t\t<\/div>\n\t\t\t\t<\/div>\n\t\t\t\t<div class=\"elementor-element elementor-element-2a33caf exad-sticky-section-no exad-glass-effect-no elementor-widget elementor-widget-text-editor\" data-id=\"2a33caf\" data-element_type=\"widget\" data-widget_type=\"text-editor.default\">\n\t\t\t\t<div class=\"elementor-widget-container\">\n\t\t\t\t\t\t\t\t\t<p><span style=\"font-weight: 400;\">Vi erbjuder omfattande marknadsf\u00f6ringsm\u00f6jligheter f\u00f6r era bidrag, inklusive framtr\u00e4dande p\u00e5 v\u00e5ra sociala medieplattformar, evenemangets webbplats och i pressmaterial. Denna exponering garanterar \u00f6kad synlighet och erk\u00e4nnande f\u00f6r ert varum\u00e4rke. Era produkter eller tj\u00e4nster kommer att framh\u00e4vas i v\u00e5rt omfattande marknadsf\u00f6ringsmaterial, inklusive:<\/span><\/p>\t\t\t\t\t\t\t\t<\/div>\n\t\t\t\t<\/div>\n\t\t\t\t<div class=\"elementor-element elementor-element-05e61f7 exad-sticky-section-no exad-glass-effect-no elementor-widget elementor-widget-text-editor\" data-id=\"05e61f7\" data-element_type=\"widget\" data-widget_type=\"text-editor.default\">\n\t\t\t\t<div class=\"elementor-widget-container\">\n\t\t\t\t\t\t\t\t\t<ul><li style=\"font-weight: 400;\" aria-level=\"1\"><span style=\"font-weight: 400;\">Uppslag p\u00e5 v\u00e5ra sociala medieplattformar, med en dedikerad post f\u00f6r varje sponsor.<\/span><\/li><li style=\"font-weight: 400;\" aria-level=\"1\"><span style=\"font-weight: 400;\">Presentation p\u00e5 evenemangets officiella webbplats, med l\u00e4nkar till er egen sida.<\/span><\/li><li style=\"font-weight: 400;\" aria-level=\"1\"><span style=\"font-weight: 400;\">Omn\u00e4mnanden i pressmeddelanden och eventuella intervjuer med media.<\/span><\/li><\/ul><p><span style=\"font-weight: 400;\">Denna exponering garanterar en f\u00f6rst\u00e4rkt synlighet f\u00f6r ert varum\u00e4rke, vilket driver igenk\u00e4nning och tillv\u00e4xt.<\/span><\/p>\t\t\t\t\t\t\t\t<\/div>\n\t\t\t\t<\/div>\n\t\t\t\t<div class=\"elementor-element elementor-element-094106d exad-sticky-section-no exad-glass-effect-no elementor-widget elementor-widget-heading\" data-id=\"094106d\" data-element_type=\"widget\" data-widget_type=\"heading.default\">\n\t\t\t\t<div class=\"elementor-widget-container\">\n\t\t\t\t\t<h2 class=\"elementor-heading-title elementor-size-default\">N\u00e4tverkande och relationsskapande<\/h2>\t\t\t\t<\/div>\n\t\t\t\t<\/div>\n\t\t\t\t<div class=\"elementor-element elementor-element-882f801 exad-sticky-section-no exad-glass-effect-no elementor-widget elementor-widget-text-editor\" data-id=\"882f801\" data-element_type=\"widget\" data-widget_type=\"text-editor.default\">\n\t\t\t\t<div class=\"elementor-widget-container\">\n\t\t\t\t\t\t\t\t\t<p><span style=\"font-weight: 400;\">Som sponsor i v\u00e4lg\u00f6renhetsauktionen f\u00e5r ni tillg\u00e5ng till exklusiva n\u00e4tverkande evenemang d\u00e4r ni kan m\u00f6ta och interagera med andra framst\u00e5ende sponsorer, f\u00f6retagsledare och inflytelserika deltagare. Detta \u00e4r en perfekt plattform f\u00f6r att etablera l\u00e5ngvariga aff\u00e4rsrelationer, utforska nya samarbeten och bredda ert n\u00e4tverk.<\/span><\/p>\t\t\t\t\t\t\t\t<\/div>\n\t\t\t\t<\/div>\n\t\t\t\t<div class=\"elementor-element elementor-element-06e7678 exad-sticky-section-no exad-glass-effect-no elementor-widget elementor-widget-heading\" data-id=\"06e7678\" data-element_type=\"widget\" data-widget_type=\"heading.default\">\n\t\t\t\t<div class=\"elementor-widget-container\">\n\t\t\t\t\t<h2 class=\"elementor-heading-title elementor-size-default\">Flexibilitet och anpassning<\/h2>\t\t\t\t<\/div>\n\t\t\t\t<\/div>\n\t\t\t\t<div class=\"elementor-element elementor-element-5a5f877 exad-sticky-section-no exad-glass-effect-no elementor-widget elementor-widget-text-editor\" data-id=\"5a5f877\" data-element_type=\"widget\" data-widget_type=\"text-editor.default\">\n\t\t\t\t<div class=\"elementor-widget-container\">\n\t\t\t\t\t\t\t\t\t<p><span style=\"font-weight: 400;\">Vi uppskattar och uppmuntrar m\u00e5ngfalden i era bidrag. Oavsett om det \u00e4r lyxprodukter, unika upplevelser, eller specialiserade tj\u00e4nster, vi str\u00e4var efter att presentera dem p\u00e5 ett s\u00e4tt som b\u00e4st representerar ert varum\u00e4rke och f\u00e5ngar deltagarnas intresse. V\u00e5rt team \u00e4r redo att samarbeta med er f\u00f6r att skapa anpassade presentationsmetoder som speglar ert varum\u00e4rkes v\u00e4rden och st\u00e4rker dess budskap.<\/span><\/p>\t\t\t\t\t\t\t\t<\/div>\n\t\t\t\t<\/div>\n\t\t\t\t<div class=\"elementor-element elementor-element-6ab842d exad-sticky-section-no exad-glass-effect-no elementor-widget elementor-widget-heading\" data-id=\"6ab842d\" data-element_type=\"widget\" data-widget_type=\"heading.default\">\n\t\t\t\t<div class=\"elementor-widget-container\">\n\t\t\t\t\t<h2 class=\"elementor-heading-title elementor-size-default\">Socialt ansvar och p\u00e5verkan<\/h2>\t\t\t\t<\/div>\n\t\t\t\t<\/div>\n\t\t\t\t<div class=\"elementor-element elementor-element-b18f31d exad-sticky-section-no exad-glass-effect-no elementor-widget elementor-widget-text-editor\" data-id=\"b18f31d\" data-element_type=\"widget\" data-widget_type=\"text-editor.default\">\n\t\t\t\t<div class=\"elementor-widget-container\">\n\t\t\t\t\t\t\t\t\t<p><span style=\"font-weight: 400;\">Ert deltagande i v\u00e4lg\u00f6renhetsauktionen \u00e4r en kraftfull demonstration av ert f\u00f6retags sociala ansvar. Ni bidrar inte bara till en god sak, utan ocks\u00e5 till att st\u00e4rka ert f\u00f6retags image som en ansvarsfull och samh\u00e4llsengagerad akt\u00f6r. Genom ert st\u00f6d, bidrar ni till att skapa positiv f\u00f6r\u00e4ndring och bidrar till att bygga ett starkare och mer v\u00e4lm\u00e5ende samh\u00e4lle.<\/span><\/p>\t\t\t\t\t\t\t\t<\/div>\n\t\t\t\t<\/div>\n\t\t\t\t<div class=\"elementor-element elementor-element-3667848 exad-sticky-section-no exad-glass-effect-no elementor-widget elementor-widget-heading\" data-id=\"3667848\" data-element_type=\"widget\" data-widget_type=\"heading.default\">\n\t\t\t\t<div class=\"elementor-widget-container\">\n\t\t\t\t\t<h2 class=\"elementor-heading-title elementor-size-default\"><a href=\"https:\/\/event.courttoconnect.com\/charity\" target=\"_blank\" rel=\"nofollow\">Delta i v\u00e5r v\u00e4lg\u00f6renhetsauktion - <u>Fyll i formul\u00e4ret h\u00e4r!<\/u><\/a><\/h2>\t\t\t\t<\/div>\n\t\t\t\t<\/div>\n\t\t\t\t<div class=\"elementor-element elementor-element-329a52d exad-sticky-section-no exad-glass-effect-no elementor-widget elementor-widget-text-editor\" data-id=\"329a52d\" data-element_type=\"widget\" data-widget_type=\"text-editor.default\">\n\t\t\t\t<div class=\"elementor-widget-container\">\n\t\t\t\t\t\t\t\t\t<p><span style=\"font-weight: 400;\">F\u00f6r att underl\u00e4tta processen och s\u00e4kerst\u00e4lla att vi kan samarbeta p\u00e5 b\u00e4sta s\u00e4tt, ber vi er att fylla i v\u00e5rt formul\u00e4r f\u00f6r leverant\u00f6rer. Formul\u00e4ret \u00e4r enkel att fylla i och hj\u00e4lper oss att f\u00f6rst\u00e5 era behov och f\u00f6rv\u00e4ntningar, samt hur vi kan presentera ert bidrag p\u00e5 ett effektivt s\u00e4tt. <\/span><\/p><p><span style=\"font-weight: 400;\">Klicka p\u00e5 l\u00e4nken <\/span><span style=\"text-decoration: underline;\"><a href=\"https:\/\/event.courttoconnect.com\/charity\"><strong>https:\/\/event.courttoconnect.com\/charity<\/strong><\/a><\/span> <span style=\"font-weight: 400;\">f\u00f6r att starta er resa med oss. Genom att fylla i detta formul\u00e4r tar ni det f\u00f6rsta steget mot en framg\u00e5ngsrik partnerskap och en betydande p\u00e5verkan p\u00e5 samh\u00e4llet.<\/span><\/p>\t\t\t\t\t\t\t\t<\/div>\n\t\t\t\t<\/div>\n\t\t\t\t<div class=\"elementor-element elementor-element-dedeabd exad-sticky-section-no exad-glass-effect-no elementor-widget elementor-widget-heading\" data-id=\"dedeabd\" data-element_type=\"widget\" data-widget_type=\"heading.default\">\n\t\t\t\t<div class=\"elementor-widget-container\">\n\t\t\t\t\t<h2 class=\"elementor-heading-title elementor-size-default\">Vad vi ber om och f\u00f6rv\u00e4ntar oss av samarbetet<\/h2>\t\t\t\t<\/div>\n\t\t\t\t<\/div>\n\t\t\t\t<div class=\"elementor-element elementor-element-541c4f1 exad-sticky-section-no exad-glass-effect-no elementor-widget elementor-widget-text-editor\" data-id=\"541c4f1\" data-element_type=\"widget\" data-widget_type=\"text-editor.default\">\n\t\t\t\t<div class=\"elementor-widget-container\">\n\t\t\t\t\t\t\t\t\t<p><span style=\"font-weight: 400;\">Vi ser fram emot att f\u00e5 produkter eller tj\u00e4nster av h\u00f6g kvalitet f\u00f6r v\u00e5r auktion och \u00f6nskar ert aktiva deltagande i v\u00e5ra gemensamma marknadsf\u00f6ringsinsatser. Detta partnerskap \u00e4r en m\u00f6jlighet f\u00f6r er att visa upp ert varum\u00e4rke och engagemang f\u00f6r goda g\u00e4rningar.<\/span><\/p><p>\u00a0<\/p><p><span style=\"font-weight: 400;\">Fr\u00e5n v\u00e5ra samarbetspartner f\u00f6rv\u00e4ntar vi oss:<\/span><\/p><ul><li style=\"font-weight: 400;\" aria-level=\"1\"><span style=\"font-weight: 400;\">Bidrag av h\u00f6gkvalitativa produkter eller tj\u00e4nster till auktionen.<\/span><\/li><li style=\"font-weight: 400;\" aria-level=\"1\"><span style=\"font-weight: 400;\">Aktivt deltagande i marknadsf\u00f6ringsinsatser, inklusive delning av eventmaterial i era egna kanaler.<\/span><\/li><li style=\"font-weight: 400;\" aria-level=\"1\"><span style=\"font-weight: 400;\">M\u00f6jlighet att samarbeta med er f\u00f6r att skapa anpassade marknadsf\u00f6ringsstrategier som gynnar b\u00e5de ert varum\u00e4rke och evenemanget.<\/span><\/li><\/ul>\t\t\t\t\t\t\t\t<\/div>\n\t\t\t\t<\/div>\n\t\t\t\t<div class=\"elementor-element elementor-element-d5f9f68 exad-sticky-section-no exad-glass-effect-no elementor-widget elementor-widget-heading\" data-id=\"d5f9f68\" data-element_type=\"widget\" data-widget_type=\"heading.default\">\n\t\t\t\t<div class=\"elementor-widget-container\">\n\t\t\t\t\t<h2 class=\"elementor-heading-title elementor-size-default\">Vad samarbetet ger er<\/h2>\t\t\t\t<\/div>\n\t\t\t\t<\/div>\n\t\t\t\t<div class=\"elementor-element elementor-element-5a31ade exad-sticky-section-no exad-glass-effect-no elementor-widget elementor-widget-text-editor\" data-id=\"5a31ade\" data-element_type=\"widget\" data-widget_type=\"text-editor.default\">\n\t\t\t\t<div class=\"elementor-widget-container\">\n\t\t\t\t\t\t\t\t\t<p><span style=\"font-weight: 400;\">Som sponsor erbjuder vi exceptionell varum\u00e4rkesexponering, n\u00e4tverksm\u00f6jligheter med ledande f\u00f6retag, och en chans att visa upp ert f\u00f6retags sociala ansvar. Detta \u00e4r en unik m\u00f6jlighet att st\u00e4rka ert varum\u00e4rke och g\u00f6ra en skillnad i samh\u00e4llet.<\/span><\/p><p>\u00a0<\/p><p><span style=\"font-weight: 400;\">Som v\u00e5r samarbetspartner erbjuder vi:<\/span><\/p><ul><li style=\"font-weight: 400;\" aria-level=\"1\"><span style=\"font-weight: 400;\">Exceptionell exponering f\u00f6r ert varum\u00e4rke under evenemanget och i alla relaterade marknadsf\u00f6ringskanaler.<\/span><\/li><li style=\"font-weight: 400;\" aria-level=\"1\"><span style=\"font-weight: 400;\">Exklusiva n\u00e4tverksm\u00f6jligheter med andra ledande f\u00f6retag och inflytelserika individer.<\/span><\/li><li style=\"font-weight: 400;\" aria-level=\"1\"><span style=\"font-weight: 400;\">Erk\u00e4nnande som en nyckelakt\u00f6r i ett v\u00e4lg\u00f6renhetsevent som har en betydande p\u00e5verkan i samh\u00e4llet.<\/span><\/li><\/ul>\t\t\t\t\t\t\t\t<\/div>\n\t\t\t\t<\/div>\n\t\t\t\t<div class=\"elementor-element elementor-element-c318b35 exad-sticky-section-no exad-glass-effect-no elementor-widget elementor-widget-heading\" data-id=\"c318b35\" data-element_type=\"widget\" data-widget_type=\"heading.default\">\n\t\t\t\t<div class=\"elementor-widget-container\">\n\t\t\t\t\t<h2 class=\"elementor-heading-title elementor-size-default\">Intresseanm\u00e4lan Samarbete V\u00e4lg\u00f6renhetsauktion<\/h2>\t\t\t\t<\/div>\n\t\t\t\t<\/div>\n\t\t\t\t<div class=\"elementor-element elementor-element-89fc3d9 exad-sticky-section-no exad-glass-effect-no elementor-widget elementor-widget-text-editor\" data-id=\"89fc3d9\" data-element_type=\"widget\" data-widget_type=\"text-editor.default\">\n\t\t\t\t<div class=\"elementor-widget-container\">\n\t\t\t\t\t\t\t\t\t<p><span style=\"font-weight: 400;\">\u00c4r ni redo att g\u00f6ra en skillnad och samtidigt f\u00f6rst\u00e4rka ert varum\u00e4rke? <\/span><span style=\"font-weight: 400;\">Fyll i v\u00e5rt <span style=\"text-decoration: underline;\"><a title=\"V\u00e4lg\u00f6renhet Auktion formul\u00e4r Court to Connect samarbete\" href=\"https:\/\/eiqmarketing.formaloo.me\/fgfwfb\" target=\"_blank\" rel=\"noopener\"><strong>intresseformul\u00e4r f\u00f6r sponsring av produkter och tj\u00e4nster till v\u00e4lg\u00f6renhetsauktion<\/strong><\/a><\/span>, f\u00f6r att d\u00e4refter <\/span><span style=\"font-weight: 400;\">diskutera hur ni kan bli en del av v\u00e5r v\u00e4lg\u00f6renhetsauktion.<\/span><\/p>\t\t\t\t\t\t\t\t<\/div>\n\t\t\t\t<\/div>\n\t\t\t\t\t<\/div>\n\t\t<\/div>\n\t\t\t\t\t<\/div>\n\t\t<\/section>\n\t\t\t\t<section data-exad-particle-enable=\"false\" class=\"elementor-section elementor-top-section elementor-element elementor-element-651c704 elementor-section-stretched elementor-section-content-middle elementor-section-boxed elementor-section-height-default elementor-section-height-default exad-parallax-effect-no exad-background-color-change-no exad-glass-effect-no exad-sticky-section-no\" data-id=\"651c704\" data-element_type=\"section\" data-settings=\"{&quot;stretch_section&quot;:&quot;section-stretched&quot;,&quot;background_background&quot;:&quot;classic&quot;,&quot;_ha_eqh_enable&quot;:false}\">\n\t\t\t\t\t\t\t<div class=\"elementor-background-overlay\"><\/div>\n\t\t\t\t\t\t\t<div class=\"elementor-container elementor-column-gap-default\">\n\t\t\t\t\t<div class=\"elementor-column elementor-col-50 elementor-top-column elementor-element elementor-element-c4eb4e6 exad-glass-effect-no exad-sticky-section-no\" data-id=\"c4eb4e6\" data-element_type=\"column\">\n\t\t\t<div class=\"elementor-widget-wrap elementor-element-populated\">\n\t\t\t\t\t\t<div class=\"elementor-element elementor-element-6a86559 exad-sticky-section-no exad-glass-effect-no elementor-widget elementor-widget-heading\" data-id=\"6a86559\" data-element_type=\"widget\" data-widget_type=\"heading.default\">\n\t\t\t\t<div class=\"elementor-widget-container\">\n\t\t\t\t\t<h3 class=\"elementor-heading-title elementor-size-default\">Fyll i intresseanm\u00e4lan f\u00f6r sponsring till v\u00e5r v\u00e4lg\u00f6renhetsauktion!<\/h3>\t\t\t\t<\/div>\n\t\t\t\t<\/div>\n\t\t\t\t\t<\/div>\n\t\t<\/div>\n\t\t\t\t<div class=\"elementor-column elementor-col-50 elementor-top-column elementor-element elementor-element-71cf51b exad-glass-effect-no exad-sticky-section-no\" data-id=\"71cf51b\" data-element_type=\"column\">\n\t\t\t<div class=\"elementor-widget-wrap elementor-element-populated\">\n\t\t\t\t\t\t<div class=\"elementor-element elementor-element-ebb8a1e elementor-align-right elementor-tablet-align-center exad-sticky-section-no exad-glass-effect-no elementor-invisible elementor-widget elementor-widget-button\" data-id=\"ebb8a1e\" data-element_type=\"widget\" data-settings=\"{&quot;_animation&quot;:&quot;bounceIn&quot;}\" data-widget_type=\"button.default\">\n\t\t\t\t<div class=\"elementor-widget-container\">\n\t\t\t\t\t\t\t\t\t<div class=\"elementor-button-wrapper\">\n\t\t\t\t\t<a class=\"elementor-button elementor-button-link elementor-size-sm elementor-animation-bounce-in\" href=\"https:\/\/eiqmarketing.formaloo.me\/fgfwfb\" target=\"_blank\" rel=\"nofollow\">\n\t\t\t\t\t\t<span class=\"elementor-button-content-wrapper\">\n\t\t\t\t\t\t\t\t\t<span class=\"elementor-button-text\">TILL FORMUL\u00c4R<\/span>\n\t\t\t\t\t<\/span>\n\t\t\t\t\t<\/a>\n\t\t\t\t<\/div>\n\t\t\t\t\t\t\t\t<\/div>\n\t\t\t\t<\/div>\n\t\t\t\t\t<\/div>\n\t\t<\/div>\n\t\t\t\t\t<\/div>\n\t\t<\/section>\n\t\t\t\t<\/div>\n\t\t","protected":false},"excerpt":{"rendered":"<p>SPONSRING AV PRODUKTER OCH TJ\u00c4NSTER TILL V\u00c4LG\u00d6RENHETSAUKTION V\u00c4LG\u00d6RENHETSAUKTION G\u00f6r skillnad genom bidra med produkter eller tj\u00e4nster i v\u00e5r v\u00e4lg\u00f6renhetsauktion, d\u00e4r hela det vinnande budet g\u00e5r till v\u00e4lg\u00f6renhet. V\u00e4lkommen till &#8221;Court [&hellip;]<\/p>\n","protected":false},"author":1,"featured_media":0,"parent":0,"menu_order":0,"comment_status":"closed","ping_status":"closed","template":"","meta":{"footnotes":""},"class_list":["post-6115","page","type-page","status-publish","hentry"],"_links":{"self":[{"href":"https:\/\/www.courttoconnect.com\/index.php?rest_route=\/wp\/v2\/pages\/6115","targetHints":{"allow":["GET"]}}],"collection":[{"href":"https:\/\/www.courttoconnect.com\/index.php?rest_route=\/wp\/v2\/pages"}],"about":[{"href":"https:\/\/www.courttoconnect.com\/index.php?rest_route=\/wp\/v2\/types\/page"}],"author":[{"embeddable":true,"href":"https:\/\/www.courttoconnect.com\/index.php?rest_route=\/wp\/v2\/users\/1"}],"replies":[{"embeddable":true,"href":"https:\/\/www.courttoconnect.com\/index.php?rest_route=%2Fwp%2Fv2%2Fcomments&post=6115"}],"version-history":[{"count":22,"href":"https:\/\/www.courttoconnect.com\/index.php?rest_route=\/wp\/v2\/pages\/6115\/revisions"}],"predecessor-version":[{"id":6231,"href":"https:\/\/www.courttoconnect.com\/index.php?rest_route=\/wp\/v2\/pages\/6115\/revisions\/6231"}],"wp:attachment":[{"href":"https:\/\/www.courttoconnect.com\/index.php?rest_route=%2Fwp%2Fv2%2Fmedia&parent=6115"}],"curies":[{"name":"wp","href":"https:\/\/api.w.org\/{rel}","templated":true}]}}